{"id":2122,"date":"2023-08-14T09:27:37","date_gmt":"2023-08-14T09:27:37","guid":{"rendered":"https:\/\/www.empremedia.pt\/?page_id=2122"},"modified":"2026-04-21T08:35:43","modified_gmt":"2026-04-21T08:35:43","slug":"politicas-de-grupo-2","status":"publish","type":"page","link":"https:\/\/www.empremedia.pt\/?page_id=2122","title":{"rendered":"Pol\u00edticas de Grupo"},"content":{"rendered":"<p><div class=\"fusion-fullwidth fullwidth-box nonhundred-percent-fullwidth non-hundred-percent-height-scrolling\"  style='background-color: rgba(255,255,255,0);background-position: center center;background-repeat: no-repeat;padding-top:0px;padding-right:0px;padding-bottom:0px;padding-left:0px;'><div class=\"fusion-builder-row fusion-row \"><div  class=\"fusion-layout-column fusion_builder_column fusion_builder_column_1_1  fusion-one-full fusion-column-first fusion-column-last 1_1\"  style='margin-top:0px;margin-bottom:20px;'>\n\t\t\t\t\t<div class=\"fusion-column-wrapper\" style=\"padding: 0px 0px 0px 0px;background-position:left top;background-repeat:no-repeat;-webkit-background-size:cover;-moz-background-size:cover;-o-background-size:cover;background-size:cover;\"  data-bg-url=\"\">\n\t\t\t\t\t\t<div class=\"fusion-sep-clear\"><\/div><div class=\"fusion-separator fusion-full-width-sep sep-none\" style=\"margin-left: auto;margin-right: auto;margin-top:;\"><\/div><div class=\"fusion-clearfix\"><\/div>\n\n\t\t\t\t\t<\/div>\n\t\t\t\t<\/div><\/div><\/div><div class=\"fusion-fullwidth fullwidth-box nonhundred-percent-fullwidth non-hundred-percent-height-scrolling\"  style='background-color: rgba(255,255,255,0);background-position: center center;background-repeat: no-repeat;padding-top:0px;padding-right:0px;padding-bottom:0px;padding-left:0px;'><div class=\"fusion-builder-row fusion-row \"><div  class=\"fusion-layout-column fusion_builder_column fusion_builder_column_1_1  fusion-one-full fusion-column-first fusion-column-last 1_1\"  style='margin-top:0px;margin-bottom:20px;'>\n\t\t\t\t\t<div class=\"fusion-column-wrapper\" style=\"padding: 0px 0px 0px 0px;background-position:left top;background-repeat:no-repeat;-webkit-background-size:cover;-moz-background-size:cover;-o-background-size:cover;background-size:cover;\"  data-bg-url=\"\">\n\t\t\t\t\t\t<div class=\"fusion-sep-clear\"><\/div><div class=\"fusion-separator fusion-full-width-sep sep-none\" style=\"margin-left: auto;margin-right: auto;margin-top:;\"><\/div><style type=\"text\/css\" scoped=\"scoped\">.fusion-accordian  #accordion-2122-1 .panel-title a .fa-fusion-box{ color: #ffffff;}.fusion-accordian  #accordion-2122-1 .panel-title a .fa-fusion-box:before{ font-size: 13px; width: 13px;}<\/style><div class=\"accordian fusion-accordian\"><div class=\"panel-group\" id=\"accordion-2122-1\"><div class=\"fusion-panel panel-default\"><div class=\"panel-heading\"><h4 class=\"panel-title toggle\"><a data-toggle=\"collapse\" data-parent=\"#accordion-2122-1\" data-target=\"#b57845a1eb852f4b2\" href=\"#b57845a1eb852f4b2\"><div class=\"fusion-toggle-icon-wrapper\"><i class=\"fa-fusion-box\"><\/i><\/div><div class=\"fusion-toggle-heading\">1. \u00c9tica e Conduta<\/div><\/a><\/h4><\/div><div id=\"b57845a1eb852f4b2\" class=\"panel-collapse collapse \"><div class=\"panel-body toggle-content\">\n<ul>\n<li>Politica Fiscal <span style=\"color: #a0ce4e;\"><strong><a style=\"color: #a0ce4e;\" href=\"https:\/\/www.empremedia.pt\/wp-content\/uploads\/2023\/03\/Politica-Fiscal.pdf\" target=\"_blank\" rel=\"noopener\">[PT]<\/a>\u00a0<a style=\"color: #a0ce4e;\" href=\"https:\/\/www.empremedia.pt\/wp-content\/uploads\/2023\/03\/Tax-Policy.pdf\" target=\"_blank\" rel=\"noopener\">[EN]<\/a><\/strong><\/span><\/li>\n<li>Politica de Direitos Humanos <span style=\"color: #a0ce4e;\"><strong><a style=\"color: #a0ce4e;\" href=\"https:\/\/www.empremedia.pt\/wp-content\/uploads\/2023\/03\/Politica-de-Direitos-Humanos.pdf\" target=\"_blank\" rel=\"noopener\">[PT]<\/a>\u00a0<a style=\"color: #a0ce4e;\" href=\"https:\/\/www.empremedia.pt\/wp-content\/uploads\/2023\/03\/Human-Rights-Policy.pdf\" target=\"_blank\" rel=\"noopener\">[EN]<\/a><\/strong><\/span><\/li>\n<li>Politicas de Compliance <span style=\"color: #a0ce4e;\"><strong><a style=\"color: #a0ce4e;\" href=\"https:\/\/www.empremedia.pt\/wp-content\/uploads\/2023\/06\/Politicas-de-Compliance.pdf\" target=\"_blank\" rel=\"noopener\">[PT]<\/a>\u00a0<a style=\"color: #a0ce4e;\" href=\"https:\/\/www.empremedia.pt\/wp-content\/uploads\/2023\/06\/Politicas-de-Compliance_ENG.pdf\" target=\"_blank\" rel=\"noopener\">[EN]<\/a><\/strong><\/span><\/li>\n<li>C\u00f3digo de \u00c9tica e de Conduta <span style=\"color: #a0ce4e;\"><strong><a style=\"color: #a0ce4e;\" href=\"https:\/\/www.empremedia.pt\/wp-content\/uploads\/2023\/08\/Codigo-de-Etica-e-de-Conduta_21.07.2023.pdf\" target=\"_blank\" rel=\"noopener\">[PT]<\/a>\u00a0<a style=\"color: #a0ce4e;\" href=\"https:\/\/www.empremedia.pt\/wp-content\/uploads\/2023\/08\/CODE-OF-ETHICS-AND-CONDUCT_21.07.2023_EN.pdf\" target=\"_blank\" rel=\"noopener\">[EN]<\/a><\/strong><\/span><\/li>\n<li>C\u00f3digo de boa conduta para a preven\u00e7\u00e3o e combate ao ass\u00e9dio no trabalho <span style=\"color: #a0ce4e;\"><strong><a style=\"color: #a0ce4e;\" href=\"https:\/\/www.empremedia.pt\/wp-content\/uploads\/2023\/08\/Codigo-de-Boa-Conduta-para-a-Prevencao-e-Combate-ao-Assedio-no-Trabalho_21.07.2023.pdf\" target=\"_blank\" rel=\"noopener\">[PT]<\/a>\u00a0<a style=\"color: #a0ce4e;\" href=\"https:\/\/www.empremedia.pt\/wp-content\/uploads\/2023\/08\/CODE-OF-GOOD-CONDUCT-FOR-PREVENTING-AND-COMBATING-HARASSMENT-AT-WORK_21.072023.pdf\" target=\"_blank\" rel=\"noopener\">[EN]<\/a><\/strong><\/span><\/li>\n<li>C\u00f3digo conduta para fornecedores <span style=\"color: #a0ce4e;\"><strong><a style=\"color: #a0ce4e;\" href=\"https:\/\/www.empremedia.pt\/wp-content\/uploads\/2023\/08\/Codigo-de-Conduta-para-Fornecedores_21.07.2023.pdf\" target=\"_blank\" rel=\"noopener\">[PT]<\/a>\u00a0<a style=\"color: #a0ce4e;\" href=\"https:\/\/www.empremedia.pt\/wp-content\/uploads\/2023\/08\/Code-of-Conduct-for-Suppliers_21.072023.pdf\" target=\"_blank\" rel=\"noopener\">[EN]<\/a><\/strong><\/span><\/li>\n<\/ul>\n<\/div><\/div><\/div><div class=\"fusion-panel panel-default\"><div class=\"panel-heading\"><h4 class=\"panel-title toggle\"><a data-toggle=\"collapse\" data-parent=\"#accordion-2122-1\" data-target=\"#1f911d56dae8eaf52\" href=\"#1f911d56dae8eaf52\"><div class=\"fusion-toggle-icon-wrapper\"><i class=\"fa-fusion-box\"><\/i><\/div><div class=\"fusion-toggle-heading\">2. Regulamentos<\/div><\/a><\/h4><\/div><div id=\"1f911d56dae8eaf52\" class=\"panel-collapse collapse \"><div class=\"panel-body toggle-content\">\n<ul>\n<li>Regulamentos da comiss\u00e3o do governo societ\u00e1rio <span style=\"color: #a0ce4e;\"><strong><a style=\"color: #a0ce4e;\" href=\"https:\/\/www.empremedia.pt\/wp-content\/uploads\/2023\/08\/REGULAMENTO-DA-COMISSAO-DO-GOVERNO-SOCIETARIO_Rev_aprovado.pdf\" target=\"_blank\" rel=\"noopener\">[PT]<\/a> <a style=\"color: #a0ce4e;\" href=\"https:\/\/www.empremedia.pt\/wp-content\/uploads\/2023\/08\/RULES-OF-PROCEDURE-OF-THE-CORPORATE-GOVERNANCE-COMMITTEE_21.07.2023_EN.pdf\" target=\"_blank\" rel=\"noopener\">[EN]<\/a><\/strong><\/span><\/li>\n<li>Regulamento interno da comiss\u00e3o de \u00e9tica <span style=\"color: #a0ce4e;\"><strong><a style=\"color: #a0ce4e;\" href=\"https:\/\/www.empremedia.pt\/wp-content\/uploads\/2023\/08\/REGULAMENTO-INTERNO-DA-COMISSAO-DE-ETICA_Rev_aprovado.pdf\" target=\"_blank\" rel=\"noopener\">[PT]<\/a> <a style=\"color: #a0ce4e;\" href=\"https:\/\/www.empremedia.pt\/wp-content\/uploads\/2023\/08\/RULES-OF-PROCEDURE-OF-THE-ETHICS-COMMITTEE_21.07.2023_EN.pdf\" target=\"_blank\" rel=\"noopener\">[EN]<\/a><\/strong><\/span><\/li>\n<li>Regulamento Interno do Conselho Fiscal <span style=\"color: #a0ce4e;\"><strong><a style=\"color: #a0ce4e;\" href=\"https:\/\/www.empremedia.pt\/wp-content\/uploads\/2023\/08\/REGULAMENTO-INTERNO-DO-CONSELHO-FISCAL_Rev_aprovado.pdf\" target=\"_blank\" rel=\"noopener\">[PT]<\/a> <a style=\"color: #a0ce4e;\" href=\"https:\/\/www.empremedia.pt\/wp-content\/uploads\/2023\/08\/RULES-OF-PROCEDURE-OF-THE-SUPERVISORY-BOARD.pdf\" target=\"_blank\" rel=\"noopener\">[EN]<\/a><\/strong><\/span><\/li>\n<li>Regulamento de Den\u00fancias <span style=\"color: #a0ce4e;\"><strong><a style=\"color: #a0ce4e;\" href=\"https:\/\/thenavigatorcompany.com\/wp-content\/uploads\/2024\/09\/7e509a4993343d4e6a78f8fdca4fad12.pdf\" target=\"_blank\" rel=\"noopener\">[PT]<\/a> <a style=\"color: #a0ce4e;\" href=\"https:\/\/thenavigatorcompany.com\/wp-content\/uploads\/2024\/09\/c97ea108dc3e8c0a988b4edb1eb2b00b.pdf\" target=\"_blank\" rel=\"noopener\">[EN]<\/a><\/strong><\/span><\/li>\n<li>Regulamento sobre Conflitos de Interesses e Transa\u00e7\u00f5es com Partes Relacionadas <span style=\"color: #a0ce4e;\"><strong><a style=\"color: #a0ce4e;\" href=\"https:\/\/thenavigatorcompany.com\/wp-content\/uploads\/2024\/09\/46016a2e3fa07b850cca05dac9dcaddf.pdf\" target=\"_blank\" rel=\"noopener\">[PT]<\/a> <a style=\"color: #a0ce4e;\" href=\"https:\/\/thenavigatorcompany.com\/wp-content\/uploads\/2024\/09\/826a6c63094b58a6ad42518e3cfc0eca.pdf\" target=\"_blank\" rel=\"noopener\">[EN]<\/a><\/strong><\/span><\/li>\n<\/ul>\n<\/div><\/div><\/div><div class=\"fusion-panel panel-default\"><div class=\"panel-heading\"><h4 class=\"panel-title toggle\"><a data-toggle=\"collapse\" data-parent=\"#accordion-2122-1\" data-target=\"#d9a4d8d233308fc7d\" href=\"#d9a4d8d233308fc7d\"><div class=\"fusion-toggle-icon-wrapper\"><i class=\"fa-fusion-box\"><\/i><\/div><div class=\"fusion-toggle-heading\">3. Preven\u00e7\u00e3o da Corrup\u00e7\u00e3o e Infra\u00e7\u00f5es Conexas<\/div><\/a><\/h4><\/div><div id=\"d9a4d8d233308fc7d\" class=\"panel-collapse collapse \"><div class=\"panel-body toggle-content\">\n<ul>\n<li>Politica de preven\u00e7\u00e3o da corrup\u00e7\u00e3o e infra\u00e7\u00f5es conexas <strong><span style=\"color: #a0ce4e;\"><a style=\"color: #a0ce4e;\" href=\"https:\/\/www.empremedia.pt\/wp-content\/uploads\/2023\/03\/Politica-de-Prevencao-da-Corrupcao-e-Infracoes-Conexas_Assinada.pdf\" target=\"_blank\" rel=\"noopener\">[PT]<\/a>\u00a0<a style=\"color: #a0ce4e;\" href=\"https:\/\/www.empremedia.pt\/wp-content\/uploads\/2023\/03\/Corruption-Prevention-and-Related-Offencees-Policy.pdf\" target=\"_blank\" rel=\"noopener\">[EN]<\/a><\/span><\/strong><\/li>\n<li>Plano de preven\u00e7\u00e3o da corrup\u00e7\u00e3o e Infra\u00e7\u00f5es conexas <strong><span style=\"color: #a0ce4e;\"><a style=\"color: #a0ce4e;\" href=\"https:\/\/www.empremedia.pt\/wp-content\/uploads\/2023\/06\/Plano-de-Prevencao-da-Corrupcao-e-Infracoes-Conexas.pdf\" target=\"_blank\" rel=\"noopener\">[PT]<\/a>\u00a0<a style=\"color: #a0ce4e;\" href=\"https:\/\/www.empremedia.pt\/wp-content\/uploads\/2023\/06\/Plano-de-Prevencao-da-Corrupcao-e-Infracoes-Conexas_ENG.pdf\" target=\"_blank\" rel=\"noopener\">[EN]<\/a><\/span><\/strong><\/li>\n<li>Relat\u00f3rio de avalia\u00e7\u00e3o intercalar do PPR &#8211; Outubro 2023 <strong><span style=\"color: #a0ce4e;\"><a style=\"color: #a0ce4e;\" href=\"https:\/\/www.empremedia.pt\/wp-content\/uploads\/2025\/02\/RELATORIO-DE-AVALIACAO-INTERCALAR-DO-PPR-Outubro-2023.pdf\" target=\"_blank\" rel=\"noopener\">[PT]<\/a>\u00a0<a style=\"color: #a0ce4e;\" href=\"https:\/\/www.empremedia.pt\/wp-content\/uploads\/2025\/02\/INTERIM-EVALUATION-REPORT-OF-THE-PLAN-FOR-THE-PREVENTION-OF-RISKS-OF-CORRUPTION-AND-RELATED-OFFENSES-OCTOBER-23.pdf\" target=\"_blank\" rel=\"noopener\">[EN]<\/a><\/span><\/strong><\/li>\n<li>Relat\u00f3rio de avalia\u00e7\u00e3o anual do PPR &#8211; Abril 2024 <strong><span style=\"color: #a0ce4e;\"><a style=\"color: #a0ce4e;\" href=\"https:\/\/www.empremedia.pt\/wp-content\/uploads\/2025\/02\/RELATORIO-DE-AVALIACAO-ANUAL-DO-PPR-Abril-2024.pdf\" target=\"_blank\" rel=\"noopener\">[PT]<\/a>\u00a0<a style=\"color: #a0ce4e;\" href=\"https:\/\/www.empremedia.pt\/wp-content\/uploads\/2025\/02\/RELATORIO-DE-AVALIACAO-ANUAL-DO-PPR-Abril-2024_EN.pdf\" target=\"_blank\" rel=\"noopener\">[EN]<\/a><\/span><\/strong><\/li>\n<li>Relat\u00f3rio de avalia\u00e7\u00e3o intercalar do PPR &#8211; Outubro 2024 <strong><span style=\"color: #a0ce4e;\"><a style=\"color: #a0ce4e;\" href=\"https:\/\/www.empremedia.pt\/wp-content\/uploads\/2025\/02\/RELATORIO-DE-AVALIACAO-INTERCALAR-DO-PPR-Outubro-2024.pdf\" target=\"_blank\" rel=\"noopener\">[PT]<\/a>\u00a0<a style=\"color: #a0ce4e;\" href=\"https:\/\/www.empremedia.pt\/wp-content\/uploads\/2025\/02\/RELATORIO-DE-AVALIACAO-INTERCALAR-DO-PPR-Outubro-2024_EN.pdf\" target=\"_blank\" rel=\"noopener\">[EN]<\/a><\/span><\/strong><\/li>\n<li>Relat\u00f3rio de Avalia\u00e7\u00e3o Anual do Plano de Preven\u00e7\u00e3o de Riscos de Corrup\u00e7\u00e3o e Infra\u00e7\u00f5es Conexas &#8211; Abril 2025 <strong><span style=\"color: #a0ce4e;\"><a style=\"color: #a0ce4e;\" href=\"https:\/\/thenavigatorcompany.com\/wp-content\/uploads\/2025\/05\/RELATORIO-DE-AVALIACAO-ANUAL-DO-PPR-Abril-2025_PT.pdf\" target=\"_blank\" rel=\"noopener\">[PT]<\/a>\u00a0<a style=\"color: #a0ce4e;\" href=\"https:\/\/thenavigatorcompany.com\/wp-content\/uploads\/2025\/05\/RELATORIO-DE-AVALIACAO-ANUAL-DO-PPR-Abril-2025_EN.pdf\" target=\"_blank\" rel=\"noopener\">[EN]<\/a><\/span><\/strong><\/li>\n<li>Relat\u00f3rio de Avalia\u00e7\u00e3o Intercalar do Plano de Preven\u00e7\u00e3o de Riscos de Corrup\u00e7\u00e3o e Infra\u00e7\u00f5es Conexas &#8211; Outubro 2025 <strong><span style=\"color: #a0ce4e;\"><a style=\"color: #a0ce4e;\" href=\"https:\/\/thenavigatorcompany.com\/wp-content\/uploads\/2025\/10\/RELATORIO-DE-AVALIACAO-INTERCALAR-DO-PPR-Outubro-2025.pdf\" target=\"_blank\" rel=\"noopener\">[PT]<\/a>\u00a0<a style=\"color: #a0ce4e;\" href=\"https:\/\/thenavigatorcompany.com\/wp-content\/uploads\/2025\/10\/INTERIM-EVALUATION-REPORT-OF-THE-PLAN-FOR-THE-PREVENTION-OF-RISKS-OF-CORRUPTION-AND-RELATED-OFFENSES-OCTOBER-25.pdf\" target=\"_blank\" rel=\"noopener\">[EN]<\/a><\/span><\/strong><\/li>\n<\/ul>\n<\/div><\/div><\/div><div class=\"fusion-panel panel-default\"><div class=\"panel-heading\"><h4 class=\"panel-title toggle\"><a data-toggle=\"collapse\" data-parent=\"#accordion-2122-1\" data-target=\"#652c0e8d16a1395fb\" href=\"#652c0e8d16a1395fb\"><div class=\"fusion-toggle-icon-wrapper\"><i class=\"fa-fusion-box\"><\/i><\/div><div class=\"fusion-toggle-heading\">4. Pol\u00edtica de Preven\u00e7\u00e3o do Branqueamento de Capitais e do Financiamento do Terrorismo<\/div><\/a><\/h4><\/div><div id=\"652c0e8d16a1395fb\" class=\"panel-collapse collapse \"><div class=\"panel-body toggle-content\">\n<ul>\n<li>Pol\u00edtica de Preven\u00e7\u00e3o do Branqueamento de Capitais e do Financiamento do Terrorismo <strong><span style=\"color: #a0ce4e;\"><a style=\"color: #a0ce4e;\" href=\"https:\/\/www.empremedia.pt\/wp-content\/uploads\/2025\/04\/Politica-de-Prevencao-do-Branqueamento-de-Capitais-e-Financiamento-do-Terrorismo.pdf\" target=\"_blank\" rel=\"noopener\">[PT]<\/a><\/span><\/strong><\/li>\n<\/ul>\n<\/div><\/div><\/div><\/div><\/div><div class=\"fusion-clearfix\"><\/div>\n\n\t\t\t\t\t<\/div>\n\t\t\t\t<\/div><\/div><\/div><\/p>\n","protected":false},"excerpt":{"rendered":"","protected":false},"author":2,"featured_media":0,"parent":0,"menu_order":0,"comment_status":"closed","ping_status":"closed","template":"","meta":[],"_links":{"self":[{"href":"https:\/\/www.empremedia.pt\/index.php?rest_route=\/wp\/v2\/pages\/2122"}],"collection":[{"href":"https:\/\/www.empremedia.pt\/index.php?rest_route=\/wp\/v2\/pages"}],"about":[{"href":"https:\/\/www.empremedia.pt\/index.php?rest_route=\/wp\/v2\/types\/page"}],"author":[{"embeddable":true,"href":"https:\/\/www.empremedia.pt\/index.php?rest_route=\/wp\/v2\/users\/2"}],"replies":[{"embeddable":true,"href":"https:\/\/www.empremedia.pt\/index.php?rest_route=%2Fwp%2Fv2%2Fcomments&post=2122"}],"version-history":[{"count":10,"href":"https:\/\/www.empremedia.pt\/index.php?rest_route=\/wp\/v2\/pages\/2122\/revisions"}],"predecessor-version":[{"id":2417,"href":"https:\/\/www.empremedia.pt\/index.php?rest_route=\/wp\/v2\/pages\/2122\/revisions\/2417"}],"wp:attachment":[{"href":"https:\/\/www.empremedia.pt\/index.php?rest_route=%2Fwp%2Fv2%2Fmedia&parent=2122"}],"curies":[{"name":"wp","href":"https:\/\/api.w.org\/{rel}","templated":true}]}}